{"id":307,"date":"2026-03-23T18:08:36","date_gmt":"2026-03-23T22:08:36","guid":{"rendered":"https:\/\/novaclima.cl\/nova-instaladores\/?post_type=product&#038;p=307"},"modified":"2026-03-25T15:15:29","modified_gmt":"2026-03-25T19:15:29","slug":"hector-francisco-gonzalez-barros","status":"publish","type":"product","link":"https:\/\/novaclima.cl\/nova-instaladores\/producto\/hector-francisco-gonzalez-barros\/","title":{"rendered":"H\u00e9ctor Francisco Gonz\u00e1lez Barros"},"content":{"rendered":"","protected":false},"excerpt":{"rendered":"<div><strong>Tel\u00e9fono: <\/strong>+569924888<\/div>\n<div><strong>Mail de contacto:<\/strong> <a href=\"mailto:hfgb76@gmail.com\" target=\"_blank\" rel=\"noopener noreferrer noreferrer\">hfgb76@gmail.com<\/a><\/div>\n","protected":false},"featured_media":308,"comment_status":"open","ping_status":"closed","template":"","meta":[],"product_cat":[70,23,22],"product_tag":[51,32,49],"class_list":{"0":"post-307","1":"product","2":"type-product","3":"status-publish","4":"has-post-thumbnail","6":"product_cat-certificado-rinnai","7":"product_cat-instalacion-de-calderas","8":"product_cat-mantencion-y-servicio-tecnico","9":"product_tag-region-de-la-araucania","10":"product_tag-region-del-biobio","11":"product_tag-region-del-maule","13":"first","14":"instock","15":"shipping-taxable","16":"product-type-simple"},"_links":{"self":[{"href":"https:\/\/novaclima.cl\/nova-instaladores\/wp-json\/wp\/v2\/product\/307","targetHints":{"allow":["GET"]}}],"collection":[{"href":"https:\/\/novaclima.cl\/nova-instaladores\/wp-json\/wp\/v2\/product"}],"about":[{"href":"https:\/\/novaclima.cl\/nova-instaladores\/wp-json\/wp\/v2\/types\/product"}],"replies":[{"embeddable":true,"href":"https:\/\/novaclima.cl\/nova-instaladores\/wp-json\/wp\/v2\/comments?post=307"}],"wp:featuredmedia":[{"embeddable":true,"href":"https:\/\/novaclima.cl\/nova-instaladores\/wp-json\/wp\/v2\/media\/308"}],"wp:attachment":[{"href":"https:\/\/novaclima.cl\/nova-instaladores\/wp-json\/wp\/v2\/media?parent=307"}],"wp:term":[{"taxonomy":"product_cat","embeddable":true,"href":"https:\/\/novaclima.cl\/nova-instaladores\/wp-json\/wp\/v2\/product_cat?post=307"},{"taxonomy":"product_tag","embeddable":true,"href":"https:\/\/novaclima.cl\/nova-instaladores\/wp-json\/wp\/v2\/product_tag?post=307"}],"curies":[{"name":"wp","href":"https:\/\/api.w.org\/{rel}","templated":true}]}}